{"id":6,"date":"2022-07-27T11:58:29","date_gmt":"2022-07-27T11:58:29","guid":{"rendered":"http:\/\/localhost\/wordpress\/?page_id=6"},"modified":"2025-10-12T14:36:01","modified_gmt":"2025-10-12T14:36:01","slug":"kosik","status":"publish","type":"page","link":"https:\/\/www.rockypes.cz\/?page_id=6","title":{"rendered":"Ko\u0161\u00edk"},"content":{"rendered":"\t\t<div data-elementor-type=\"wp-page\" data-elementor-id=\"6\" class=\"elementor elementor-6\">\n\t\t\t\t<div class=\"elementor-element elementor-element-5bf4c896 e-con-full e-flex e-con e-parent\" data-id=\"5bf4c896\" data-element_type=\"container\" data-settings=\"{&quot;background_background&quot;:&quot;classic&quot;}\">\n\t\t\t\t<div class=\"elementor-element elementor-element-0784892 exad-sticky-section-no exad-glass-effect-no elementor-widget elementor-widget-button\" data-id=\"0784892\" data-element_type=\"widget\" data-widget_type=\"button.default\">\n\t\t\t\t<div class=\"elementor-widget-container\">\n\t\t\t\t\t\t\t\t\t<div class=\"elementor-button-wrapper\">\n\t\t\t\t\t<a class=\"elementor-button elementor-button-link elementor-size-sm\" href=\"https:\/\/www.rockypes.cz\/\">\n\t\t\t\t\t\t<span class=\"elementor-button-content-wrapper\">\n\t\t\t\t\t\t\t\t\t<span class=\"elementor-button-text\">&lt; Hlavn\u00ed str\u00e1nka<\/span>\n\t\t\t\t\t<\/span>\n\t\t\t\t\t<\/a>\n\t\t\t\t<\/div>\n\t\t\t\t\t\t\t\t<\/div>\n\t\t\t\t<\/div>\n\t\t\t\t<div class=\"elementor-element elementor-element-a36eccf elementor-widget__width-initial exad-sticky-section-no exad-glass-effect-no elementor-widget elementor-widget-heading\" data-id=\"a36eccf\" data-element_type=\"widget\" data-widget_type=\"heading.default\">\n\t\t\t\t<div class=\"elementor-widget-container\">\n\t\t\t\t\t<h2 class=\"elementor-heading-title elementor-size-default\">Ko\u0161\u00edk<\/h2>\t\t\t\t<\/div>\n\t\t\t\t<\/div>\n\t\t\t\t<div class=\"elementor-element elementor-element-3f09f53 elementor-widget-divider--view-line exad-sticky-section-no exad-glass-effect-no elementor-widget elementor-widget-divider\" data-id=\"3f09f53\" data-element_type=\"widget\" data-widget_type=\"divider.default\">\n\t\t\t\t<div class=\"elementor-widget-container\">\n\t\t\t\t\t\t\t<div class=\"elementor-divider\">\n\t\t\t<span class=\"elementor-divider-separator\">\n\t\t\t\t\t\t<\/span>\n\t\t<\/div>\n\t\t\t\t\t\t<\/div>\n\t\t\t\t<\/div>\n\t\t\t\t<div class=\"elementor-element elementor-element-5e24f82 elementor-widget-mobile__width-inherit exad-sticky-section-no exad-glass-effect-no elementor-widget elementor-widget-eael-woo-cart\" data-id=\"5e24f82\" data-element_type=\"widget\" data-widget_type=\"eael-woo-cart.default\">\n\t\t\t\t<div class=\"elementor-widget-container\">\n\t\t\t\t\t\t\t\t\t<div class=\"eael-woo-cart-wrapper eael-woo-cart-empty eael-woo-style-2 eael-auto-update33\">\n\t\t\t\t<div class=\"woocommerce-notices-wrapper\"><\/div><div class=\"wc-empty-cart-message\">\n\t<div class=\"cart-empty woocommerce-info\" role=\"status\">\n\t\tV\u00e1\u0161 ko\u0161\u00edk je zat\u00edm pr\u00e1zdn\u00fd.\t<\/div>\n<\/div>\t<p class=\"return-to-shop\">\n\t\t<a class=\"button wc-backward\" href=\"https:\/\/www.rockypes.cz\/?page_id=511\">\n\t\t\tZp\u011bt do obchodu\t\t<\/a>\n\t<\/p>\n                <\/div>\n\t\t\t\t        <script>document.body.classList.add(\"eael-woo-cart\");<\/script>\n\t\t\t\t\t\t<\/div>\n\t\t\t\t<\/div>\n\t\t\t\t<\/div>\n\t\t\t\t<\/div>\n\t\t","protected":false},"excerpt":{"rendered":"<p>< Hlavn\u00ed str\u00e1nka Ko\u0161\u00edk V\u00e1\u0161 ko\u0161\u00edk je zat\u00edm pr\u00e1zdn\u00fd. Return to shop\n<\/p>\n","protected":false},"author":1,"featured_media":0,"parent":0,"menu_order":0,"comment_status":"closed","ping_status":"closed","template":"elementor_canvas","meta":{"jetpack_post_was_ever_published":false,"footnotes":""},"class_list":["post-6","page","type-page","status-publish","hentry"],"yoast_head":"<!-- This site is optimized with the Yoast SEO plugin v26.6 - https:\/\/yoast.com\/wordpress\/plugins\/seo\/ -->\n<title>Ko\u0161\u00edk - rockypes.cz<\/title>\n<meta name=\"description\" content=\"\u0160t\u011bn\u011b, tak \u0159\u00edkaj\u00ed na policejn\u00ed stanici v\u0161em nov\u00e1\u010dk\u016fm, a Rocky pat\u0159\u00ed mezi n\u011b. Jako slu\u017eebn\u011b nejmlad\u0161\u00ed je policejn\u00ed zelen\u00e1\u010d, i kdy\u017e on u\u017e v kostech c\u00edt\u00ed sv\u016fj prvn\u00ed velk\u00fd p\u0159\u00edpad\" \/>\n<meta name=\"robots\" content=\"index, follow, max-snippet:-1, max-image-preview:large, max-video-preview:-1\" \/>\n<link rel=\"canonical\" href=\"https:\/\/www.rockypes.cz\/?page_id=6\" \/>\n<meta property=\"og:locale\" content=\"cs_CZ\" \/>\n<meta property=\"og:type\" content=\"article\" \/>\n<meta property=\"og:title\" content=\"Ko\u0161\u00edk - rockypes.cz\" \/>\n<meta property=\"og:description\" content=\"\u0160t\u011bn\u011b, tak \u0159\u00edkaj\u00ed na policejn\u00ed stanici v\u0161em nov\u00e1\u010dk\u016fm, a Rocky pat\u0159\u00ed mezi n\u011b. Jako slu\u017eebn\u011b nejmlad\u0161\u00ed je policejn\u00ed zelen\u00e1\u010d, i kdy\u017e on u\u017e v kostech c\u00edt\u00ed sv\u016fj prvn\u00ed velk\u00fd p\u0159\u00edpad\" \/>\n<meta property=\"og:url\" content=\"https:\/\/www.rockypes.cz\/?page_id=6\" \/>\n<meta property=\"og:site_name\" content=\"rockypes.cz\" \/>\n<meta property=\"article:modified_time\" content=\"2025-10-12T14:36:01+00:00\" \/>\n<meta name=\"twitter:card\" content=\"summary_large_image\" \/>\n<meta name=\"twitter:label1\" content=\"Odhadovan\u00e1 doba \u010dten\u00ed\" \/>\n\t<meta name=\"twitter:data1\" content=\"1 minuta\" \/>\n<script type=\"application\/ld+json\" class=\"yoast-schema-graph\">{\"@context\":\"https:\/\/schema.org\",\"@graph\":[{\"@type\":\"WebPage\",\"@id\":\"https:\/\/www.rockypes.cz\/?page_id=6\",\"url\":\"https:\/\/www.rockypes.cz\/?page_id=6\",\"name\":\"Ko\u0161\u00edk - rockypes.cz\",\"isPartOf\":{\"@id\":\"https:\/\/www.rockypes.cz\/#website\"},\"datePublished\":\"2022-07-27T11:58:29+00:00\",\"dateModified\":\"2025-10-12T14:36:01+00:00\",\"description\":\"\u0160t\u011bn\u011b, tak \u0159\u00edkaj\u00ed na policejn\u00ed stanici v\u0161em nov\u00e1\u010dk\u016fm, a Rocky pat\u0159\u00ed mezi n\u011b. Jako slu\u017eebn\u011b nejmlad\u0161\u00ed je policejn\u00ed zelen\u00e1\u010d, i kdy\u017e on u\u017e v kostech c\u00edt\u00ed sv\u016fj prvn\u00ed velk\u00fd p\u0159\u00edpad\",\"breadcrumb\":{\"@id\":\"https:\/\/www.rockypes.cz\/?page_id=6#breadcrumb\"},\"inLanguage\":\"cs\",\"potentialAction\":[{\"@type\":\"ReadAction\",\"target\":[\"https:\/\/www.rockypes.cz\/?page_id=6\"]}]},{\"@type\":\"BreadcrumbList\",\"@id\":\"https:\/\/www.rockypes.cz\/?page_id=6#breadcrumb\",\"itemListElement\":[{\"@type\":\"ListItem\",\"position\":1,\"name\":\"Dom\u016f\",\"item\":\"https:\/\/www.rockypes.cz\/\"},{\"@type\":\"ListItem\",\"position\":2,\"name\":\"Ko\u0161\u00edk\"}]},{\"@type\":\"WebSite\",\"@id\":\"https:\/\/www.rockypes.cz\/#website\",\"url\":\"https:\/\/www.rockypes.cz\/\",\"name\":\"rockypes.cz\",\"description\":\"kn\u00ed\u017eka pro d\u011bti\",\"potentialAction\":[{\"@type\":\"SearchAction\",\"target\":{\"@type\":\"EntryPoint\",\"urlTemplate\":\"https:\/\/www.rockypes.cz\/?s={search_term_string}\"},\"query-input\":{\"@type\":\"PropertyValueSpecification\",\"valueRequired\":true,\"valueName\":\"search_term_string\"}}],\"inLanguage\":\"cs\"}]}<\/script>\n<!-- \/ Yoast SEO plugin. -->","yoast_head_json":{"title":"Ko\u0161\u00edk - rockypes.cz","description":"\u0160t\u011bn\u011b, tak \u0159\u00edkaj\u00ed na policejn\u00ed stanici v\u0161em nov\u00e1\u010dk\u016fm, a Rocky pat\u0159\u00ed mezi n\u011b. Jako slu\u017eebn\u011b nejmlad\u0161\u00ed je policejn\u00ed zelen\u00e1\u010d, i kdy\u017e on u\u017e v kostech c\u00edt\u00ed sv\u016fj prvn\u00ed velk\u00fd p\u0159\u00edpad","robots":{"index":"index","follow":"follow","max-snippet":"max-snippet:-1","max-image-preview":"max-image-preview:large","max-video-preview":"max-video-preview:-1"},"canonical":"https:\/\/www.rockypes.cz\/?page_id=6","og_locale":"cs_CZ","og_type":"article","og_title":"Ko\u0161\u00edk - rockypes.cz","og_description":"\u0160t\u011bn\u011b, tak \u0159\u00edkaj\u00ed na policejn\u00ed stanici v\u0161em nov\u00e1\u010dk\u016fm, a Rocky pat\u0159\u00ed mezi n\u011b. Jako slu\u017eebn\u011b nejmlad\u0161\u00ed je policejn\u00ed zelen\u00e1\u010d, i kdy\u017e on u\u017e v kostech c\u00edt\u00ed sv\u016fj prvn\u00ed velk\u00fd p\u0159\u00edpad","og_url":"https:\/\/www.rockypes.cz\/?page_id=6","og_site_name":"rockypes.cz","article_modified_time":"2025-10-12T14:36:01+00:00","twitter_card":"summary_large_image","twitter_misc":{"Odhadovan\u00e1 doba \u010dten\u00ed":"1 minuta"},"schema":{"@context":"https:\/\/schema.org","@graph":[{"@type":"WebPage","@id":"https:\/\/www.rockypes.cz\/?page_id=6","url":"https:\/\/www.rockypes.cz\/?page_id=6","name":"Ko\u0161\u00edk - rockypes.cz","isPartOf":{"@id":"https:\/\/www.rockypes.cz\/#website"},"datePublished":"2022-07-27T11:58:29+00:00","dateModified":"2025-10-12T14:36:01+00:00","description":"\u0160t\u011bn\u011b, tak \u0159\u00edkaj\u00ed na policejn\u00ed stanici v\u0161em nov\u00e1\u010dk\u016fm, a Rocky pat\u0159\u00ed mezi n\u011b. Jako slu\u017eebn\u011b nejmlad\u0161\u00ed je policejn\u00ed zelen\u00e1\u010d, i kdy\u017e on u\u017e v kostech c\u00edt\u00ed sv\u016fj prvn\u00ed velk\u00fd p\u0159\u00edpad","breadcrumb":{"@id":"https:\/\/www.rockypes.cz\/?page_id=6#breadcrumb"},"inLanguage":"cs","potentialAction":[{"@type":"ReadAction","target":["https:\/\/www.rockypes.cz\/?page_id=6"]}]},{"@type":"BreadcrumbList","@id":"https:\/\/www.rockypes.cz\/?page_id=6#breadcrumb","itemListElement":[{"@type":"ListItem","position":1,"name":"Dom\u016f","item":"https:\/\/www.rockypes.cz\/"},{"@type":"ListItem","position":2,"name":"Ko\u0161\u00edk"}]},{"@type":"WebSite","@id":"https:\/\/www.rockypes.cz\/#website","url":"https:\/\/www.rockypes.cz\/","name":"rockypes.cz","description":"kn\u00ed\u017eka pro d\u011bti","potentialAction":[{"@type":"SearchAction","target":{"@type":"EntryPoint","urlTemplate":"https:\/\/www.rockypes.cz\/?s={search_term_string}"},"query-input":{"@type":"PropertyValueSpecification","valueRequired":true,"valueName":"search_term_string"}}],"inLanguage":"cs"}]}},"jetpack-related-posts":[{"id":1028,"url":"https:\/\/www.rockypes.cz\/?page_id=1028","url_meta":{"origin":6,"position":0},"title":"Rocky na stop\u011b italsk\u00e9ho tajemstv\u00ed","author":"kucolocz","date":"12 \u0159\u00edjna, 2025","format":false,"excerpt":"< Hlavn\u00ed str\u00e1nka Rocky na stop\u011b italsk\u00e9ho tajemstv\u00ed \u0160t\u011bn\u011b, tak \u0159\u00edkaj\u00ed na policejn\u00ed stanici v\u0161em nov\u00e1\u010dk\u016fm, a Rocky pat\u0159\u00ed mezi n\u011b. Jako slu\u017eebn\u011b nejmlad\u0161\u00ed je policejn\u00ed zelen\u00e1\u010d, i kdy\u017e on u\u017e v kostech c\u00edt\u00ed sv\u016fj prvn\u00ed velk\u00fd p\u0159\u00edpad. Praha m\u00e1 za sebou \u00fatoky Divok\u00fdch ps\u016f, policie je st\u00e1le bezradn\u00e1 a\u2026","rel":"","context":"Similar post","block_context":{"text":"Similar post","link":""},"img":{"alt_text":"","src":"https:\/\/i0.wp.com\/www.rockypes.cz\/wp-content\/uploads\/2023\/10\/Kniha-1.png?resize=350%2C200&ssl=1","width":350,"height":200},"classes":[]},{"id":1097,"url":"https:\/\/www.rockypes.cz\/?page_id=1097","url_meta":{"origin":6,"position":1},"title":"Rocky na korsick\u00e9 stop\u011b","author":"kucolocz","date":"12 \u0159\u00edjna, 2025","format":false,"excerpt":"< Hlavn\u00ed str\u00e1nka Rocky na korsick\u00e9 stop\u011b Na policejn\u00edm summitu v Pa\u0159\u00ed\u017ei se Rocky pr\u00e1v\u011b pochlubil \u00fasp\u011bchem pra\u017esk\u00e9ho t\u00fdmu, kdy\u017e vtom za\u00fato\u010d\u00ed skupina hacker\u016f. \u00dato\u010dn\u00edci cht\u011bj\u00ed v\u00fdkupn\u00e9 a vyhro\u017euj\u00ed otravou. Takov\u00fd mezin\u00e1rodn\u00ed skand\u00e1l si francouzsk\u00e1 policie nem\u016f\u017ee dovolit. Rocky se zapojuje do vy\u0161et\u0159ov\u00e1n\u00ed, ale nedost\u00e1v\u00e1 \u0161anci. Tak se spole\u010dn\u011b s\u2026","rel":"","context":"Similar post","block_context":{"text":"Similar post","link":""},"img":{"alt_text":"","src":"https:\/\/i0.wp.com\/www.rockypes.cz\/wp-content\/uploads\/2023\/10\/Kniha-2.png?resize=350%2C200&ssl=1","width":350,"height":200},"classes":[]},{"id":342,"url":"https:\/\/www.rockypes.cz\/?page_id=342","url_meta":{"origin":6,"position":2},"title":"Obchodn\u00ed podm\u00ednky","author":"kucolocz","date":"3 \u0159\u00edjna, 2023","format":false,"excerpt":"OBCHODN\u00cd PODM\u00cdNKY Tyto v\u0161eobecn\u00e9 obchodn\u00ed podm\u00ednky (\u201cPodm\u00ednky\u201d) spole\u010dnosti Kate\u0159ina Pavl\u00edkov\u00e1, IC\u030cO: 87385023, se s\u00eddlem Z\u00e1\u0159ijov\u00e1 1122, Praha 8, kontaktn\u00ed \u00fadaje: e-mail:\u00a0pavlikova.katerina@email.cz, telefon: +420\u00a0602\u00a0464\u00a0992, web:\u00a0www.rockypes.cz\u00a0(d\u00e1le jen \u201eprod\u00e1vaj\u00edc\u00ed\u201c) upravuj\u00ed v souladu s ustanoven\u00edm \u00a7 1751 odst. 1 z\u00e1kona \u010d. 89\/2012 Sb., ob\u010dansk\u00fd z\u00e1kon\u00edk, ve zn\u011bn\u00ed pozd\u011bj\u0161\u00edch p\u0159edpis\u016f (\u201eOb\u010dansk\u00fd z\u00e1kon\u00edk\u201c) vz\u00e1jemn\u00e1 pr\u00e1va a\u2026","rel":"","context":"Similar post","block_context":{"text":"Similar post","link":""},"img":{"alt_text":"pejsek - logod","src":"https:\/\/i0.wp.com\/www.rockypes.cz\/wp-content\/uploads\/2023\/09\/pejsek-logod-300x300.png?resize=350%2C200","width":350,"height":200},"classes":[]},{"id":511,"url":"https:\/\/www.rockypes.cz\/?page_id=511","url_meta":{"origin":6,"position":3},"title":"Obchod_nemazat","author":"kucolocz","date":"6 \u0159\u00edjna, 2023","format":false,"excerpt":"Hlavn\u00ed str\u00e1nka","rel":"","context":"Similar post","block_context":{"text":"Similar post","link":""},"img":{"alt_text":"","src":"","width":0,"height":0},"classes":[]},{"id":1529,"url":"https:\/\/www.rockypes.cz\/?page_id=1529","url_meta":{"origin":6,"position":4},"title":"Bonusov\u00e9 materi\u00e1ly","author":"kucolocz","date":"15 prosince, 2025","format":false,"excerpt":"< Hlavn\u00ed str\u00e1nka Bonusov\u00e9 materi\u00e1ly Uk\u00e1zka PDF Osmism\u011brka Omalov\u00e1nky","rel":"","context":"Similar post","block_context":{"text":"Similar post","link":""},"img":{"alt_text":"","src":"","width":0,"height":0},"classes":[]},{"id":126,"url":"https:\/\/www.rockypes.cz\/","url_meta":{"origin":6,"position":5},"title":"Hlavn\u00ed str\u00e1nka","author":"kucolocz","date":"26 z\u00e1\u0159\u00ed, 2023","format":false,"excerpt":"Menu Dome\u010dek J\u00e1, Rocky Rockyho knihy Sme\u010dka Koupit kn\u00ed\u017eku Menu Dome\u010dek J\u00e1, Rocky Rockyho knihy Sme\u010dka Koupit kn\u00ed\u017eku Menu Dome\u010dek J\u00e1, Rocky Rockyho knihy Sme\u010dka Koupit kn\u00ed\u017eku Rocky na stop\u011b Rocky na stop\u011b J\u00c1, ROCKY Autorem n\u00e1m\u011btu je pes Rocky (cel\u00fdm jm\u00e9nem Zen Rocky Blue Taien von Devil-Ville), b\u00edl\u00fd \u0161v\u00fdcarsk\u00fd\u2026","rel":"","context":"Similar post","block_context":{"text":"Similar post","link":""},"img":{"alt_text":"","src":"https:\/\/i0.wp.com\/www.rockypes.cz\/wp-content\/uploads\/2023\/10\/kost-45-stupnu-scaled.png?resize=350%2C200&ssl=1","width":350,"height":200,"srcset":"https:\/\/i0.wp.com\/www.rockypes.cz\/wp-content\/uploads\/2023\/10\/kost-45-stupnu-scaled.png?resize=350%2C200&ssl=1 1x, https:\/\/i0.wp.com\/www.rockypes.cz\/wp-content\/uploads\/2023\/10\/kost-45-stupnu-scaled.png?resize=525%2C300&ssl=1 1.5x, https:\/\/i0.wp.com\/www.rockypes.cz\/wp-content\/uploads\/2023\/10\/kost-45-stupnu-scaled.png?resize=700%2C400&ssl=1 2x, https:\/\/i0.wp.com\/www.rockypes.cz\/wp-content\/uploads\/2023\/10\/kost-45-stupnu-scaled.png?resize=1050%2C600&ssl=1 3x, https:\/\/i0.wp.com\/www.rockypes.cz\/wp-content\/uploads\/2023\/10\/kost-45-stupnu-scaled.png?resize=1400%2C800&ssl=1 4x"},"classes":[]}],"jetpack_sharing_enabled":true,"_links":{"self":[{"href":"https:\/\/www.rockypes.cz\/index.php?rest_route=\/wp\/v2\/pages\/6","targetHints":{"allow":["GET"]}}],"collection":[{"href":"https:\/\/www.rockypes.cz\/index.php?rest_route=\/wp\/v2\/pages"}],"about":[{"href":"https:\/\/www.rockypes.cz\/index.php?rest_route=\/wp\/v2\/types\/page"}],"author":[{"embeddable":true,"href":"https:\/\/www.rockypes.cz\/index.php?rest_route=\/wp\/v2\/users\/1"}],"replies":[{"embeddable":true,"href":"https:\/\/www.rockypes.cz\/index.php?rest_route=%2Fwp%2Fv2%2Fcomments&post=6"}],"version-history":[{"count":190,"href":"https:\/\/www.rockypes.cz\/index.php?rest_route=\/wp\/v2\/pages\/6\/revisions"}],"predecessor-version":[{"id":1360,"href":"https:\/\/www.rockypes.cz\/index.php?rest_route=\/wp\/v2\/pages\/6\/revisions\/1360"}],"wp:attachment":[{"href":"https:\/\/www.rockypes.cz\/index.php?rest_route=%2Fwp%2Fv2%2Fmedia&parent=6"}],"curies":[{"name":"wp","href":"https:\/\/api.w.org\/{rel}","templated":true}]}}